{"id":63,"date":"2025-10-02T02:25:06","date_gmt":"2025-10-02T02:25:06","guid":{"rendered":"https:\/\/www.buharkazan.com\/?page_id=63"},"modified":"2025-10-11T21:31:29","modified_gmt":"2025-10-11T21:31:29","slug":"medya","status":"publish","type":"page","link":"https:\/\/www.buharkazan.com\/?page_id=63","title":{"rendered":"Medya"},"content":{"rendered":"<h3>Medya-G\u00f6rsel-Video | Buhar Kazan<\/h3>\n<p style=\"text-align: justify;\" data-start=\"181\" data-end=\"547\">Buhar Kazan olarak uzun y\u0131llard\u0131r s\u00fcrd\u00fcrd\u00fc\u011f\u00fcm\u00fcz sekt\u00f6r deneyimimizi, geli\u015ftirdi\u011fimiz teknolojileri ve \u00fcretim s\u00fcre\u00e7lerimizi sizlerle daha yak\u0131ndan payla\u015fabilmek i\u00e7in medya i\u00e7eriklerimize yer veriyoruz. Bu b\u00f6l\u00fcmde firmam\u0131z\u0131n faaliyet alanlar\u0131n\u0131, \u00fcr\u00fcn \u00e7e\u015fitlili\u011fini, kurumsal de\u011ferlerini ve ba\u015far\u0131 hik\u00e2yelerini g\u00f6rsel ve video materyallerle inceleyebilirsiniz.<\/p>\n<p style=\"text-align: justify;\" data-start=\"549\" data-end=\"807\">Buhar kazanlar\u0131, jenerat\u00f6r sistemleri, k\u0131zg\u0131n ya\u011f ve s\u0131cak su \u00e7\u00f6z\u00fcmleri gibi geni\u015f \u00fcr\u00fcn yelpazemizi tan\u0131tan videolar\u0131m\u0131z, tesislerimizden g\u00f6r\u00fcnt\u00fcler ve projelerimizden kareler; firmam\u0131z\u0131n kaliteye, g\u00fcvene ve s\u00fcrd\u00fcr\u00fclebilirli\u011fe verdi\u011fi \u00f6nemi yans\u0131tmaktad\u0131r.<\/p>\n<p style=\"text-align: justify;\" data-start=\"809\" data-end=\"985\">Medya i\u00e7eriklerimiz arac\u0131l\u0131\u011f\u0131yla yaln\u0131zca \u00fcr\u00fcnlerimizi de\u011fil, ayn\u0131 zamanda kurumsal yakla\u015f\u0131m\u0131m\u0131z\u0131 ve m\u00fc\u015fteri memnuniyetine verdi\u011fimiz \u00f6nemi de sizlere aktarmay\u0131 hedefliyoruz.<\/p>\n<p>https:\/\/www.youtube.com\/watch?v=-qn3469xgx4https:\/\/www.youtube.com\/watch?v=c_Bw2nya4Qg\t\t\t\t\t<\/p>\n<ul>\n<li><a href=\"https:\/\/www.buharkazan.com\/\">Buhar<\/a><\/li>\n<li><a href=\"https:\/\/www.buharkazan.com\/\">Buhar Kazan\u0131<\/a><\/li>\n<li><a href=\"https:\/\/www.buharkazan.com\/\">Kazan<\/a><\/li>\n<li><a href=\"https:\/\/www.buharkazan.com\/\">Kazan\u0131<\/a><\/li>\n<li><a href=\"https:\/\/www.buharkazan.com\/\">Buhar Kazanlar\u0131<\/a><\/li>\n<li><a href=\"https:\/\/www.buharkazan.com\/\">Kazanlar\u0131<\/a><\/li>\n<li><a href=\"https:\/\/www.buharkazan.com\/\">Buhar<\/a><\/li>\n<li><a href=\"https:\/\/www.buharkazan.com\/\">Besi Su Depolama<\/a><\/li>\n<\/ul>\n<ul>\n<li><a href=\"https:\/\/www.buharkazan.com\/\">Buhar Jenerat\u00f6rleri<\/a><\/li>\n<li><a href=\"https:\/\/www.buharkazan.com\/\">K\u0131zg\u0131n Ya\u011f Kazanlar\u0131<\/a><\/li>\n<li><a href=\"https:\/\/www.buharkazan.com\/\">S\u0131cak Su Kazanlar\u0131<\/a><\/li>\n<li><a href=\"https:\/\/www.buharkazan.com\/\">K\u0131zg\u0131n Su Kazanlar\u0131<\/a><\/li>\n<li><a href=\"https:\/\/www.buharkazan.com\/\">At\u0131k Su Geri Kazan\u0131m Sistemleri<\/a><\/li>\n<li><a href=\"https:\/\/www.buharkazan.com\/\">S\u0131cak Su \u00dcreticileri<\/a><\/li>\n<li><a href=\"https:\/\/www.buharkazan.com\/\">Degaz\u00f6r Sistemleri<\/a><\/li>\n<li><a href=\"https:\/\/www.buharkazan.com\/\">Finli Boru<\/a><\/li>\n<\/ul>\n<ul>\n<li><a href=\"https:\/\/www.buharkazan.com\/\">Kat\u0131 Yak\u0131tl\u0131 Buhar Santralleri<\/a><\/li>\n<li><a href=\"https:\/\/www.buharkazan.com\/\">K\u0131zg\u0131n Ya\u011f Santralleri<\/a><\/li>\n<li>\u00a0<a href=\"https:\/\/www.buharkazan.com\/\">Plakal\u0131 Is\u0131 De\u011fi\u015ftiriciler<\/a><\/li>\n<li><a href=\"https:\/\/www.buharkazan.com\/\">Is\u0131 Geri Kazan\u0131m<\/a><\/li>\n<li><a href=\"https:\/\/www.buharkazan.com\/\">End\u00fcstriyel Buhar kazan\u0131<\/a><\/li>\n<li><a href=\"https:\/\/www.buharkazan.com\/\">End\u00fcstriyel Buhar Kazanlar\u0131<\/a><\/li>\n<li><a href=\"https:\/\/www.buharkazan.com\/\">End\u00fcstriyel Kazanlar<\/a><\/li>\n<li><a href=\"https:\/\/www.buharkazan.com\/\">Vakum Borulu Is\u0131 De\u011fi\u015ftirici<\/a><\/li>\n<\/ul>\n<ul>\n<li><a href=\"https:\/\/www.buharkazan.com\/\">Kat\u0131 Yak\u0131tl\u0131 Buhar Santralleri<\/a><\/li>\n<li>\u00a0<a href=\"https:\/\/www.buharkazan.com\/\">Degaz\u00f6r<\/a><\/li>\n<li><a href=\"https:\/\/www.buharkazan.com\/\">Degaz\u00f6rler<\/a><\/li>\n<li><a href=\"https:\/\/www.buharkazan.com\/\">Su \u015eartland\u0131rma<\/a><\/li>\n<li><a href=\"https:\/\/www.buharkazan.com\/\">Kondens Tank\u0131<\/a><\/li>\n<li><a href=\"https:\/\/www.buharkazan.com\/\">Ekonomizer<\/a><\/li>\n<li><a href=\"https:\/\/www.buharkazan.com\/\">Rek\u00fcperat\u00f6r<\/a><\/li>\n<li><a href=\"https:\/\/www.buharkazan.com\/\">Buhar Sistemleri<\/a><\/li>\n<\/ul>\n","protected":false},"excerpt":{"rendered":"<p>Medya-G\u00f6rsel-Video | Buhar Kazan Buhar Kazan olarak uzun y\u0131llard\u0131r s\u00fcrd\u00fcrd\u00fc\u011f\u00fcm\u00fcz sekt\u00f6r deneyimimizi, geli\u015ftirdi\u011fimiz teknolojileri ve \u00fcretim s\u00fcre\u00e7lerimizi sizlerle daha yak\u0131ndan payla\u015fabilmek i\u00e7in medya i\u00e7eriklerimize yer&hellip;<\/p>\n","protected":false},"author":2,"featured_media":0,"parent":0,"menu_order":0,"comment_status":"closed","ping_status":"closed","template":"","meta":{"footnotes":""},"class_list":["post-63","page","type-page","status-publish","hentry"],"_links":{"self":[{"href":"https:\/\/www.buharkazan.com\/index.php?rest_route=\/wp\/v2\/pages\/63","targetHints":{"allow":["GET"]}}],"collection":[{"href":"https:\/\/www.buharkazan.com\/index.php?rest_route=\/wp\/v2\/pages"}],"about":[{"href":"https:\/\/www.buharkazan.com\/index.php?rest_route=\/wp\/v2\/types\/page"}],"author":[{"embeddable":true,"href":"https:\/\/www.buharkazan.com\/index.php?rest_route=\/wp\/v2\/users\/2"}],"replies":[{"embeddable":true,"href":"https:\/\/www.buharkazan.com\/index.php?rest_route=%2Fwp%2Fv2%2Fcomments&post=63"}],"version-history":[{"count":3,"href":"https:\/\/www.buharkazan.com\/index.php?rest_route=\/wp\/v2\/pages\/63\/revisions"}],"predecessor-version":[{"id":2682,"href":"https:\/\/www.buharkazan.com\/index.php?rest_route=\/wp\/v2\/pages\/63\/revisions\/2682"}],"wp:attachment":[{"href":"https:\/\/www.buharkazan.com\/index.php?rest_route=%2Fwp%2Fv2%2Fmedia&parent=63"}],"curies":[{"name":"wp","href":"https:\/\/api.w.org\/{rel}","templated":true}]}}