{"id":61,"date":"2025-10-02T02:24:52","date_gmt":"2025-10-02T02:24:52","guid":{"rendered":"https:\/\/www.buharkazan.com\/?page_id=61"},"modified":"2025-10-02T15:44:33","modified_gmt":"2025-10-02T15:44:33","slug":"hakkimizda","status":"publish","type":"page","link":"https:\/\/www.buharkazan.com\/?page_id=61","title":{"rendered":"Hakk\u0131m\u0131zda"},"content":{"rendered":"<h3>Hakk\u0131m\u0131zda | Buhar Kazan<\/h3>\n<p style=\"text-align: justify;\">Is\u0131 cihazlar\u0131 \u00fcretiminde 1970 y\u0131l\u0131ndan beri faaliyette bulunan firmam\u0131z, s\u00fcrd\u00fcrd\u00fc\u011f\u00fc ara\u015ft\u0131rma-geli\u015ftirme faaliyetleri ile m\u00fc\u015fteri ihtiya\u00e7lar\u0131n\u0131 g\u00f6z \u00f6n\u00fcnde bulundurularak, teknolojik yenilikleri \u00fcr\u00fcnlerine uygulam\u0131\u015f; dolay\u0131s\u0131yla konusunda \u00f6nc\u00fc olmu\u015ftur. \u00dcr\u00fcnlerimizde kalite, g\u00fcvenlik, verim, \u00f6m\u00fcr ve kullan\u0131m kolayl\u0131\u011f\u0131 \u00fcretimimizde g\u00f6z \u00f6n\u00fcnde bulundurulan temel unsurlard\u0131r. Ayr\u0131ca sat\u0131\u015f sonras\u0131 teknik destek ve servis hizmetlerimizle en y\u00fcksek m\u00fc\u015fteri memnuniyetini sa\u011flamak \u00f6ncelikli hedefimizdir.<\/p>\n<p style=\"text-align: justify;\">ISO 9001 kalite belgesine sahip olan firmam\u0131z, tecr\u00fcbeli m\u00fchendis, teknisyen ve i\u015f\u00e7i kadrosu ile TSE, DIN, EN normlar\u0131na uygun olarak \u00fcretim yapmaktad\u0131r. \u00dcr\u00fcnlerimiz CE i\u015faretine sahiptir. Firmam\u0131z, kazan ve bas\u0131n\u00e7l\u0131 kaplar sekt\u00f6r\u00fcnde Asya,Avrupa ve Ortado\u011fu\u2019yu kapsayan bir\u00e7ok \u00fclkeye yapt\u0131\u011f\u0131 ihracatlar ile \u00fclkemiz ekonomisine katk\u0131da bulunmaktad\u0131r. 100.000 kcal\/h den 12.000.000 kcal\/h e ve 0,5 bar bas\u0131n\u00e7tan 30 bar bas\u0131nca kadar \u0131s\u0131 cihazlar\u0131 \u00fcretebilen \u00dcN\u0130VERSAL, \u00fcretiminin % 20 sini ihra\u00e7 etmektedir. Bayi ve servis a\u011f\u0131 ile g\u00fc\u00e7l\u00fc bir sat\u0131\u015f ve sat\u0131\u015f sonras\u0131 hizmet sunmaktad\u0131r.<\/p>\n<p style=\"text-align: justify;\">\u00dcN\u0130VERSAL, bas\u0131n\u00e7l\u0131 kaplar\u0131n periyodik kontrollerinde yar\u0131m as\u0131rl\u0131k deneyimi ve tecr\u00fcbesi ile uygun bir kurulu\u015ftur. Uzman m\u00fchendisler ve teknisyenler taraf\u0131ndan ger\u00e7ekle\u015ftirilen periyodik kontroller test raporlar\u0131 ile belgelenmektedir.<\/p>\n<h4>Misyonumuz | Buhar Kazan<\/h4>\n<p data-start=\"117\" data-end=\"468\">M\u00fc\u015fterilerimizin ihtiya\u00e7lar\u0131n\u0131 kar\u015f\u0131lamak i\u00e7in s\u00fcrekli olarak \u00fcr\u00fcnlerimizi ve hizmetlerimizi geli\u015ftirmek. \u0130\u015fletme ve \u00fcretim maliyetlerini kaliteden \u00f6d\u00fcn vermeden dengeleyerek, herkesin buhar ihtiyac\u0131n\u0131 kar\u015f\u0131layacak uygun sistemleri tasarlamak. At\u0131k \u0131s\u0131dan m\u00fcmk\u00fcn oldu\u011funca daha \u00e7ok yararlanarak m\u00fc\u015fterilerimizin enerji ba\u011f\u0131ml\u0131l\u0131\u011f\u0131n\u0131 minumuma indirmek.<\/p>\n<h4>Vizyonumuz | Buhar Kazan<\/h4>\n<p style=\"text-align: justify;\" data-start=\"1038\" data-end=\"1277\">\u00dcniversal olarak vizyonumuz her zaman kaliteli, yenilik\u00e7i ve herkese optimum hizmetleri vererek yurt i\u00e7i ve uluslar aras\u0131 sayg\u0131nl\u0131\u011f\u0131m\u0131z\u0131 ve marka kalitemizi artt\u0131rmak olacakt\u0131r.<\/p>\n<ul>\n<li><a href=\"https:\/\/www.buharkazan.com\/\">Buhar<\/a><\/li>\n<li><a href=\"https:\/\/www.buharkazan.com\/\">Buhar Kazan\u0131<\/a><\/li>\n<li><a href=\"https:\/\/www.buharkazan.com\/\">Kazan<\/a><\/li>\n<li><a href=\"https:\/\/www.buharkazan.com\/\">Kazan\u0131<\/a><\/li>\n<li><a href=\"https:\/\/www.buharkazan.com\/\">Buhar Kazanlar\u0131<\/a><\/li>\n<li><a href=\"https:\/\/www.buharkazan.com\/\">Kazanlar\u0131<\/a><\/li>\n<li><a href=\"https:\/\/www.buharkazan.com\/\">Buhar<\/a><\/li>\n<li><a href=\"https:\/\/www.buharkazan.com\/\">Besi Su Depolama<\/a><\/li>\n<\/ul>\n<ul>\n<li><a href=\"https:\/\/www.buharkazan.com\/\">Buhar Jenerat\u00f6rleri<\/a><\/li>\n<li><a href=\"https:\/\/www.buharkazan.com\/\">K\u0131zg\u0131n Ya\u011f Kazanlar\u0131<\/a><\/li>\n<li><a href=\"https:\/\/www.buharkazan.com\/\">S\u0131cak Su Kazanlar\u0131<\/a><\/li>\n<li><a href=\"https:\/\/www.buharkazan.com\/\">K\u0131zg\u0131n Su Kazanlar\u0131<\/a><\/li>\n<li><a href=\"https:\/\/www.buharkazan.com\/\">At\u0131k Su Geri Kazan\u0131m Sistemleri<\/a><\/li>\n<li><a href=\"https:\/\/www.buharkazan.com\/\">S\u0131cak Su \u00dcreticileri<\/a><\/li>\n<li><a href=\"https:\/\/www.buharkazan.com\/\">Degaz\u00f6r Sistemleri<\/a><\/li>\n<li><a href=\"https:\/\/www.buharkazan.com\/\">Finli Boru<\/a><\/li>\n<\/ul>\n<ul>\n<li><a href=\"https:\/\/www.buharkazan.com\/\">Kat\u0131 Yak\u0131tl\u0131 Buhar Santralleri<\/a><\/li>\n<li><a href=\"https:\/\/www.buharkazan.com\/\">K\u0131zg\u0131n Ya\u011f Santralleri<\/a><\/li>\n<li>\u00a0<a href=\"https:\/\/www.buharkazan.com\/\">Plakal\u0131 Is\u0131 De\u011fi\u015ftiriciler<\/a><\/li>\n<li><a href=\"https:\/\/www.buharkazan.com\/\">Is\u0131 Geri Kazan\u0131m<\/a><\/li>\n<li><a href=\"https:\/\/www.buharkazan.com\/\">End\u00fcstriyel Buhar kazan\u0131<\/a><\/li>\n<li><a href=\"https:\/\/www.buharkazan.com\/\">End\u00fcstriyel Buhar Kazanlar\u0131<\/a><\/li>\n<li><a href=\"https:\/\/www.buharkazan.com\/\">End\u00fcstriyel Kazanlar<\/a><\/li>\n<li><a href=\"https:\/\/www.buharkazan.com\/\">Vakum Borulu Is\u0131 De\u011fi\u015ftirici<\/a><\/li>\n<\/ul>\n<ul>\n<li><a href=\"https:\/\/www.buharkazan.com\/\">Kat\u0131 Yak\u0131tl\u0131 Buhar Santralleri<\/a><\/li>\n<li>\u00a0<a href=\"https:\/\/www.buharkazan.com\/\">Degaz\u00f6r<\/a><\/li>\n<li><a href=\"https:\/\/www.buharkazan.com\/\">Degaz\u00f6rler<\/a><\/li>\n<li><a href=\"https:\/\/www.buharkazan.com\/\">Su \u015eartland\u0131rma<\/a><\/li>\n<li><a href=\"https:\/\/www.buharkazan.com\/\">Kondens Tank\u0131<\/a><\/li>\n<li><a href=\"https:\/\/www.buharkazan.com\/\">Ekonomizer<\/a><\/li>\n<li><a href=\"https:\/\/www.buharkazan.com\/\">Rek\u00fcperat\u00f6r<\/a><\/li>\n<li><a href=\"https:\/\/www.buharkazan.com\/\">Buhar Sistemleri<\/a><\/li>\n<\/ul>\n","protected":false},"excerpt":{"rendered":"<p>Hakk\u0131m\u0131zda | Buhar Kazan Is\u0131 cihazlar\u0131 \u00fcretiminde 1970 y\u0131l\u0131ndan beri faaliyette bulunan firmam\u0131z, s\u00fcrd\u00fcrd\u00fc\u011f\u00fc ara\u015ft\u0131rma-geli\u015ftirme faaliyetleri ile m\u00fc\u015fteri ihtiya\u00e7lar\u0131n\u0131 g\u00f6z \u00f6n\u00fcnde bulundurularak, teknolojik yenilikleri \u00fcr\u00fcnlerine&hellip;<\/p>\n","protected":false},"author":2,"featured_media":0,"parent":0,"menu_order":0,"comment_status":"closed","ping_status":"open","template":"","meta":{"footnotes":""},"class_list":["post-61","page","type-page","status-publish","hentry"],"_links":{"self":[{"href":"https:\/\/www.buharkazan.com\/index.php?rest_route=\/wp\/v2\/pages\/61","targetHints":{"allow":["GET"]}}],"collection":[{"href":"https:\/\/www.buharkazan.com\/index.php?rest_route=\/wp\/v2\/pages"}],"about":[{"href":"https:\/\/www.buharkazan.com\/index.php?rest_route=\/wp\/v2\/types\/page"}],"author":[{"embeddable":true,"href":"https:\/\/www.buharkazan.com\/index.php?rest_route=\/wp\/v2\/users\/2"}],"replies":[{"embeddable":true,"href":"https:\/\/www.buharkazan.com\/index.php?rest_route=%2Fwp%2Fv2%2Fcomments&post=61"}],"version-history":[{"count":3,"href":"https:\/\/www.buharkazan.com\/index.php?rest_route=\/wp\/v2\/pages\/61\/revisions"}],"predecessor-version":[{"id":451,"href":"https:\/\/www.buharkazan.com\/index.php?rest_route=\/wp\/v2\/pages\/61\/revisions\/451"}],"wp:attachment":[{"href":"https:\/\/www.buharkazan.com\/index.php?rest_route=%2Fwp%2Fv2%2Fmedia&parent=61"}],"curies":[{"name":"wp","href":"https:\/\/api.w.org\/{rel}","templated":true}]}}