{"id":41,"date":"2025-10-02T01:12:37","date_gmt":"2025-10-02T01:12:37","guid":{"rendered":"https:\/\/www.buharkazan.com\/?page_id=41"},"modified":"2025-10-02T16:34:09","modified_gmt":"2025-10-02T16:34:09","slug":"bize-ulasin","status":"publish","type":"page","link":"https:\/\/www.buharkazan.com\/?page_id=41","title":{"rendered":"Bize Ula\u015f\u0131n"},"content":{"rendered":"<h3>\u0130leti\u015fim | Buhar Kazan<\/h3>\n<p style=\"text-align: justify;\">Bizimle ileti\u015fime ge\u00e7mekten \u00e7ekinmeyin! Her t\u00fcrl\u00fc soru, teklif talebi veya teknik destek ihtiyac\u0131n\u0131z i\u00e7in yan\u0131n\u0131zday\u0131z. Telefon veya e-posta yoluyla bize ula\u015fabilir, deneyimli ekibimizden h\u0131zl\u0131 ve do\u011fru bilgi alabilirsiniz. Amac\u0131m\u0131z, ihtiya\u00e7lar\u0131n\u0131za en uygun \u00e7\u00f6z\u00fcmleri sunmak ve her zaman g\u00fcvenilir bir i\u015f orta\u011f\u0131 olmakt\u0131r. Sorular\u0131n\u0131z\u0131 iletti\u011finizde en k\u0131sa s\u00fcrede size geri d\u00f6n\u00fc\u015f sa\u011flayaca\u011f\u0131m\u0131zdan emin olabilirsiniz.<\/p>\n<h4>Y\u00f6netim Ofisi<\/h4>\n<ul>\n<li data-start=\"137\" data-end=\"273\">\n<p data-start=\"139\" data-end=\"273\">\ud83d\udccd <strong data-start=\"142\" data-end=\"152\">Adres:<\/strong> \u00d6rnek Mahallesi Erc\u00fcment Batanay Sokak No:14, Dumankaya \u0130kon Rezidans A3 Blok Kat.32-33 Daire:170, Ata\u015fehir \/ \u0130stanbul<\/p>\n<\/li>\n<li data-start=\"274\" data-end=\"313\">\n<p data-start=\"276\" data-end=\"313\">\ud83d\udcde <strong data-start=\"279\" data-end=\"291\">Telefon:<\/strong> +90 (212) 549 70 70<\/p>\n<\/li>\n<li data-start=\"314\" data-end=\"360\">\n<p data-start=\"316\" data-end=\"360\">\u2709\ufe0f <strong data-start=\"319\" data-end=\"331\">E-Posta:<\/strong> <a rel=\"noopener\" data-start=\"332\" data-end=\"358\">info@universalkazan.com.tr<\/a><\/p>\n<\/li>\n<li data-start=\"361\" data-end=\"445\">\n<p data-start=\"363\" data-end=\"445\">\ud83c\udf10 <strong data-start=\"366\" data-end=\"381\">Web Sitesi:<\/strong> <a href=\"http:\/\/www.universalkazan.com.tr\" target=\"_new\" rel=\"noopener\" data-start=\"382\" data-end=\"443\">www.universalkazan.com.tr<\/a><\/p>\n<\/li>\n<\/ul>\n<h4>Fabrika \u0130malat<\/h4>\n<ul>\n<li data-start=\"98\" data-end=\"205\">\n<p data-start=\"100\" data-end=\"205\"><img decoding=\"async\" role=\"img\" draggable=\"false\" src=\"https:\/\/s.w.org\/images\/core\/emoji\/16.0.1\/svg\/1f4cd.svg\" alt=\"\ud83d\udccd\" \/> <strong data-start=\"103\" data-end=\"113\">Adres:<\/strong> Metal \u0130\u015f Sanayi Sitesi Yolu 8.Blok D:No:36-38, 34490 \u0130kitelli OSB \/ Ba\u015fak\u015fehir \/ \u0130stanbul<\/p>\n<\/li>\n<li data-start=\"206\" data-end=\"245\">\n<p data-start=\"208\" data-end=\"245\"><img decoding=\"async\" role=\"img\" draggable=\"false\" src=\"https:\/\/s.w.org\/images\/core\/emoji\/16.0.1\/svg\/1f4de.svg\" alt=\"\ud83d\udcde\" \/> <strong data-start=\"211\" data-end=\"223\">Telefon:<\/strong> +90 (212) 549 70 70<\/p>\n<\/li>\n<li data-start=\"246\" data-end=\"292\">\n<p data-start=\"248\" data-end=\"292\"><img decoding=\"async\" role=\"img\" draggable=\"false\" src=\"https:\/\/s.w.org\/images\/core\/emoji\/16.0.1\/svg\/2709.svg\" alt=\"\u2709\ufe0f\" \/> <strong data-start=\"251\" data-end=\"263\">E-Posta:<\/strong> <a rel=\"noopener\" data-start=\"264\" data-end=\"290\">info@universalkazan.com.tr<\/a><\/p>\n<\/li>\n<li data-start=\"293\" data-end=\"377\">\n<p data-start=\"295\" data-end=\"377\"><img decoding=\"async\" role=\"img\" draggable=\"false\" src=\"https:\/\/s.w.org\/images\/core\/emoji\/16.0.1\/svg\/1f310.svg\" alt=\"\ud83c\udf10\" \/> <strong data-start=\"298\" data-end=\"313\">Web Sitesi:<\/strong> <a href=\"http:\/\/www.universalkazan.com.tr\" target=\"_new\" rel=\"noopener\" data-start=\"314\" data-end=\"375\">www.universalkazan.com.tr<\/a><\/p>\n<\/li>\n<\/ul>\n<p>\t\t\t<iframe src=\"https:\/\/www.google.com\/maps\/embed?pb=!1m14!1m8!1m3!1d6016.144804246851!2d28.799696000000004!3d41.06741!3m2!1i1024!2i768!4f13.1!3m3!1m2!1s0x14caa58552d3c70b%3A0x39c18e4e0751cee1!2s%C3%9Cniversal%20Kazan!5e0!3m2!1str!2sus!4v1759422639305!5m2!1str!2sus\" width=\"800\" height=\"300\" style=\"border:0;\" allowfullscreen=\"\" loading=\"lazy\" referrerpolicy=\"no-referrer-when-downgrade\"><\/iframe>\t\t\t\t\t\t\t<\/p>\n<ul>\n<li><a href=\"https:\/\/www.buharkazan.com\/\">Buhar<\/a><\/li>\n<li><a href=\"https:\/\/www.buharkazan.com\/\">Buhar Kazan\u0131<\/a><\/li>\n<li><a href=\"https:\/\/www.buharkazan.com\/\">Kazan<\/a><\/li>\n<li><a href=\"https:\/\/www.buharkazan.com\/\">Kazan\u0131<\/a><\/li>\n<li><a href=\"https:\/\/www.buharkazan.com\/\">Buhar Kazanlar\u0131<\/a><\/li>\n<li><a href=\"https:\/\/www.buharkazan.com\/\">Kazanlar\u0131<\/a><\/li>\n<li><a href=\"https:\/\/www.buharkazan.com\/\">Buhar<\/a><\/li>\n<li><a href=\"https:\/\/www.buharkazan.com\/\">Besi Su Depolama<\/a><\/li>\n<\/ul>\n<ul>\n<li><a href=\"https:\/\/www.buharkazan.com\/\">Buhar Jenerat\u00f6rleri<\/a><\/li>\n<li><a href=\"https:\/\/www.buharkazan.com\/\">K\u0131zg\u0131n Ya\u011f Kazanlar\u0131<\/a><\/li>\n<li><a href=\"https:\/\/www.buharkazan.com\/\">S\u0131cak Su Kazanlar\u0131<\/a><\/li>\n<li><a href=\"https:\/\/www.buharkazan.com\/\">K\u0131zg\u0131n Su Kazanlar\u0131<\/a><\/li>\n<li><a href=\"https:\/\/www.buharkazan.com\/\">At\u0131k Su Geri Kazan\u0131m Sistemleri<\/a><\/li>\n<li><a href=\"https:\/\/www.buharkazan.com\/\">S\u0131cak Su \u00dcreticileri<\/a><\/li>\n<li><a href=\"https:\/\/www.buharkazan.com\/\">Degaz\u00f6r Sistemleri<\/a><\/li>\n<li><a href=\"https:\/\/www.buharkazan.com\/\">Finli Boru<\/a><\/li>\n<\/ul>\n<ul>\n<li><a href=\"https:\/\/www.buharkazan.com\/\">Kat\u0131 Yak\u0131tl\u0131 Buhar Santralleri<\/a><\/li>\n<li><a href=\"https:\/\/www.buharkazan.com\/\">K\u0131zg\u0131n Ya\u011f Santralleri<\/a><\/li>\n<li>\u00a0<a href=\"https:\/\/www.buharkazan.com\/\">Plakal\u0131 Is\u0131 De\u011fi\u015ftiriciler<\/a><\/li>\n<li><a href=\"https:\/\/www.buharkazan.com\/\">Is\u0131 Geri Kazan\u0131m<\/a><\/li>\n<li><a href=\"https:\/\/www.buharkazan.com\/\">End\u00fcstriyel Buhar kazan\u0131<\/a><\/li>\n<li><a href=\"https:\/\/www.buharkazan.com\/\">End\u00fcstriyel Buhar Kazanlar\u0131<\/a><\/li>\n<li><a href=\"https:\/\/www.buharkazan.com\/\">End\u00fcstriyel Kazanlar<\/a><\/li>\n<li><a href=\"https:\/\/www.buharkazan.com\/\">Vakum Borulu Is\u0131 De\u011fi\u015ftirici<\/a><\/li>\n<\/ul>\n<ul>\n<li><a href=\"https:\/\/www.buharkazan.com\/\">Kat\u0131 Yak\u0131tl\u0131 Buhar Santralleri<\/a><\/li>\n<li>\u00a0<a href=\"https:\/\/www.buharkazan.com\/\">Degaz\u00f6r<\/a><\/li>\n<li><a href=\"https:\/\/www.buharkazan.com\/\">Degaz\u00f6rler<\/a><\/li>\n<li><a href=\"https:\/\/www.buharkazan.com\/\">Su \u015eartland\u0131rma<\/a><\/li>\n<li><a href=\"https:\/\/www.buharkazan.com\/\">Kondens Tank\u0131<\/a><\/li>\n<li><a href=\"https:\/\/www.buharkazan.com\/\">Ekonomizer<\/a><\/li>\n<li><a href=\"https:\/\/www.buharkazan.com\/\">Rek\u00fcperat\u00f6r<\/a><\/li>\n<li><a href=\"https:\/\/www.buharkazan.com\/\">Buhar Sistemleri<\/a><\/li>\n<\/ul>\n","protected":false},"excerpt":{"rendered":"<p>\u0130leti\u015fim | Buhar Kazan Bizimle ileti\u015fime ge\u00e7mekten \u00e7ekinmeyin! Her t\u00fcrl\u00fc soru, teklif talebi veya teknik destek ihtiyac\u0131n\u0131z i\u00e7in yan\u0131n\u0131zday\u0131z. Telefon veya e-posta yoluyla bize ula\u015fabilir,&hellip;<\/p>\n","protected":false},"author":2,"featured_media":0,"parent":0,"menu_order":0,"comment_status":"closed","ping_status":"open","template":"","meta":{"footnotes":""},"class_list":["post-41","page","type-page","status-publish","hentry"],"_links":{"self":[{"href":"https:\/\/www.buharkazan.com\/index.php?rest_route=\/wp\/v2\/pages\/41","targetHints":{"allow":["GET"]}}],"collection":[{"href":"https:\/\/www.buharkazan.com\/index.php?rest_route=\/wp\/v2\/pages"}],"about":[{"href":"https:\/\/www.buharkazan.com\/index.php?rest_route=\/wp\/v2\/types\/page"}],"author":[{"embeddable":true,"href":"https:\/\/www.buharkazan.com\/index.php?rest_route=\/wp\/v2\/users\/2"}],"replies":[{"embeddable":true,"href":"https:\/\/www.buharkazan.com\/index.php?rest_route=%2Fwp%2Fv2%2Fcomments&post=41"}],"version-history":[{"count":3,"href":"https:\/\/www.buharkazan.com\/index.php?rest_route=\/wp\/v2\/pages\/41\/revisions"}],"predecessor-version":[{"id":2145,"href":"https:\/\/www.buharkazan.com\/index.php?rest_route=\/wp\/v2\/pages\/41\/revisions\/2145"}],"wp:attachment":[{"href":"https:\/\/www.buharkazan.com\/index.php?rest_route=%2Fwp%2Fv2%2Fmedia&parent=41"}],"curies":[{"name":"wp","href":"https:\/\/api.w.org\/{rel}","templated":true}]}}