{"id":26,"date":"2025-10-02T00:35:18","date_gmt":"2025-10-02T00:35:18","guid":{"rendered":"https:\/\/www.buharkazan.com\/?page_id=26"},"modified":"2025-10-06T21:21:19","modified_gmt":"2025-10-06T21:21:19","slug":"kurumsal","status":"publish","type":"page","link":"https:\/\/www.buharkazan.com\/?page_id=26","title":{"rendered":"Kurumsal"},"content":{"rendered":"<h3>Kurumsal | Buhar Kazan<\/h3>\n<p style=\"text-align: justify;\" data-start=\"147\" data-end=\"473\"><a href=\"http:\/\/www.buharkazan.com\" target=\"_new\" rel=\"noopener\" data-start=\"147\" data-end=\"165\">www.buharkazan.com<\/a>, end\u00fcstriyel \u0131s\u0131tma ve enerji sistemleri alan\u0131nda uzun y\u0131llard\u0131r faaliyet g\u00f6steren, g\u00fcvenilirli\u011fi ve m\u00fchendislik tecr\u00fcbesiyle \u00f6ne \u00e7\u0131kan bir firmad\u0131r. Sekt\u00f6rdeki deneyimimizi modern teknolojilerle birle\u015ftirerek, i\u015fletmelerin ihtiya\u00e7lar\u0131na uygun y\u00fcksek verimli, g\u00fcvenli ve s\u00fcrd\u00fcr\u00fclebilir \u00e7\u00f6z\u00fcmler sunuyoruz.<\/p>\n<p style=\"text-align: justify;\" data-start=\"475\" data-end=\"862\">Buhar kazanlar\u0131, buhar jenerat\u00f6rleri, k\u0131zg\u0131n ya\u011f ve s\u0131cak su kazanlar\u0131, at\u0131k \u0131s\u0131 geri kazan\u0131m sistemleri, degaz\u00f6r \u00e7\u00f6z\u00fcmleri ve daha bir\u00e7ok alanda geli\u015ftirdi\u011fimiz \u00fcr\u00fcnlerle, sanayi kurulu\u015flar\u0131n\u0131n enerji altyap\u0131s\u0131na de\u011fer kat\u0131yoruz. Kaliteye verdi\u011fimiz \u00f6nem, sat\u0131\u015f sonras\u0131 destek anlay\u0131\u015f\u0131m\u0131z ve m\u00fc\u015fteri odakl\u0131 yakla\u015f\u0131m\u0131m\u0131z ile yaln\u0131zca \u00fcr\u00fcn de\u011fil, uzun vadeli \u00e7\u00f6z\u00fcm ortakl\u0131\u011f\u0131 sa\u011fl\u0131yoruz.<\/p>\n<p style=\"text-align: justify;\" data-start=\"864\" data-end=\"1088\">Kurumsal yap\u0131m\u0131z\u0131n temelinde; \u015feffafl\u0131k, g\u00fcven, s\u00fcrd\u00fcr\u00fclebilirlik ve s\u00fcrekli geli\u015fim ilkeleri yer almaktad\u0131r. Vizyonumuz; T\u00fcrkiye\u2019nin \u00f6nc\u00fc firmalar\u0131 aras\u0131nda yer al\u0131rken, global \u00f6l\u00e7ekte de tercih edilen bir marka olmakt\u0131r.<\/p>\n<ul>\n<li>\n\t\t\t\t\t\t\t\t\t\t\t<a href=\"https:\/\/www.buharkazan.com\/hakkimizda\/\"><br \/>\n\t\t\t\t\t\t\t<svg aria-hidden=\"true\" viewBox=\"0 0 512 512\" xmlns=\"http:\/\/www.w3.org\/2000\/svg\"><path d=\"M504 256c0 136.967-111.033 248-248 248S8 392.967 8 256 119.033 8 256 8s248 111.033 248 248zM227.314 387.314l184-184c6.248-6.248 6.248-16.379 0-22.627l-22.627-22.627c-6.248-6.249-16.379-6.249-22.628 0L216 308.118l-70.059-70.059c-6.248-6.248-16.379-6.248-22.628 0l-22.627 22.627c-6.248 6.248-6.248 16.379 0 22.627l104 104c6.249 6.249 16.379 6.249 22.628.001z\"><\/path><\/svg><br \/>\n\t\t\t\t\t\t\t\t\t\tHakk\u0131m\u0131zda<br \/>\n\t\t\t\t\t\t\t\t\t\t\t<\/a>\n\t\t\t\t\t\t\t\t\t<\/li>\n<li>\n\t\t\t\t\t\t\t\t\t\t\t<a href=\"https:\/\/www.buharkazan.com\/medya\/\"><br \/>\n\t\t\t\t\t\t\t<svg aria-hidden=\"true\" viewBox=\"0 0 512 512\" xmlns=\"http:\/\/www.w3.org\/2000\/svg\"><path d=\"M504 256c0 136.967-111.033 248-248 248S8 392.967 8 256 119.033 8 256 8s248 111.033 248 248zM227.314 387.314l184-184c6.248-6.248 6.248-16.379 0-22.627l-22.627-22.627c-6.248-6.249-16.379-6.249-22.628 0L216 308.118l-70.059-70.059c-6.248-6.248-16.379-6.248-22.628 0l-22.627 22.627c-6.248 6.248-6.248 16.379 0 22.627l104 104c6.249 6.249 16.379 6.249 22.628.001z\"><\/path><\/svg><br \/>\n\t\t\t\t\t\t\t\t\t\tMedya<br \/>\n\t\t\t\t\t\t\t\t\t\t\t<\/a>\n\t\t\t\t\t\t\t\t\t<\/li>\n<li>\n\t\t\t\t\t\t\t\t\t\t\t<a href=\"https:\/\/www.buharkazan.com\/gizlilik-politikasi\/\"><br \/>\n\t\t\t\t\t\t\t<svg aria-hidden=\"true\" viewBox=\"0 0 512 512\" xmlns=\"http:\/\/www.w3.org\/2000\/svg\"><path d=\"M504 256c0 136.967-111.033 248-248 248S8 392.967 8 256 119.033 8 256 8s248 111.033 248 248zM227.314 387.314l184-184c6.248-6.248 6.248-16.379 0-22.627l-22.627-22.627c-6.248-6.249-16.379-6.249-22.628 0L216 308.118l-70.059-70.059c-6.248-6.248-16.379-6.248-22.628 0l-22.627 22.627c-6.248 6.248-6.248 16.379 0 22.627l104 104c6.249 6.249 16.379 6.249 22.628.001z\"><\/path><\/svg><br \/>\n\t\t\t\t\t\t\t\t\t\tGizlilik Politikas\u0131<br \/>\n\t\t\t\t\t\t\t\t\t\t\t<\/a>\n\t\t\t\t\t\t\t\t\t<\/li>\n<li>\n\t\t\t\t\t\t\t\t\t\t\t<a href=\"https:\/\/www.buharkazan.com\/kvkk\/\"><br \/>\n\t\t\t\t\t\t\t<svg aria-hidden=\"true\" viewBox=\"0 0 512 512\" xmlns=\"http:\/\/www.w3.org\/2000\/svg\"><path d=\"M504 256c0 136.967-111.033 248-248 248S8 392.967 8 256 119.033 8 256 8s248 111.033 248 248zM227.314 387.314l184-184c6.248-6.248 6.248-16.379 0-22.627l-22.627-22.627c-6.248-6.249-16.379-6.249-22.628 0L216 308.118l-70.059-70.059c-6.248-6.248-16.379-6.248-22.628 0l-22.627 22.627c-6.248 6.248-6.248 16.379 0 22.627l104 104c6.249 6.249 16.379 6.249 22.628.001z\"><\/path><\/svg><br \/>\n\t\t\t\t\t\t\t\t\t\tKvkk<br \/>\n\t\t\t\t\t\t\t\t\t\t\t<\/a>\n\t\t\t\t\t\t\t\t\t<\/li>\n<li>\n\t\t\t\t\t\t\t\t\t\t\t<a href=\"https:\/\/www.buharkazan.com\/bize-ulasin\/\"><br \/>\n\t\t\t\t\t\t\t<svg aria-hidden=\"true\" viewBox=\"0 0 512 512\" xmlns=\"http:\/\/www.w3.org\/2000\/svg\"><path d=\"M504 256c0 136.967-111.033 248-248 248S8 392.967 8 256 119.033 8 256 8s248 111.033 248 248zM227.314 387.314l184-184c6.248-6.248 6.248-16.379 0-22.627l-22.627-22.627c-6.248-6.249-16.379-6.249-22.628 0L216 308.118l-70.059-70.059c-6.248-6.248-16.379-6.248-22.628 0l-22.627 22.627c-6.248 6.248-6.248 16.379 0 22.627l104 104c6.249 6.249 16.379 6.249 22.628.001z\"><\/path><\/svg><br \/>\n\t\t\t\t\t\t\t\t\t\tBize Ula\u015f\u0131n<br \/>\n\t\t\t\t\t\t\t\t\t\t\t<\/a>\n\t\t\t\t\t\t\t\t\t<\/li>\n<\/ul>\n<ul>\n<li><a href=\"https:\/\/www.buharkazan.com\/\">Buhar<\/a><\/li>\n<li><a href=\"https:\/\/www.buharkazan.com\/\">Buhar Kazan\u0131<\/a><\/li>\n<li><a href=\"https:\/\/www.buharkazan.com\/\">Kazan<\/a><\/li>\n<li><a href=\"https:\/\/www.buharkazan.com\/\">Kazan\u0131<\/a><\/li>\n<li><a href=\"https:\/\/www.buharkazan.com\/\">Buhar Kazanlar\u0131<\/a><\/li>\n<li><a href=\"https:\/\/www.buharkazan.com\/\">Kazanlar\u0131<\/a><\/li>\n<li><a href=\"https:\/\/www.buharkazan.com\/\">Buhar<\/a><\/li>\n<li><a href=\"https:\/\/www.buharkazan.com\/\">Besi Su Depolama<\/a><\/li>\n<\/ul>\n<ul>\n<li><a href=\"https:\/\/www.buharkazan.com\/\">Buhar Jenerat\u00f6rleri<\/a><\/li>\n<li><a href=\"https:\/\/www.buharkazan.com\/\">K\u0131zg\u0131n Ya\u011f Kazanlar\u0131<\/a><\/li>\n<li><a href=\"https:\/\/www.buharkazan.com\/\">S\u0131cak Su Kazanlar\u0131<\/a><\/li>\n<li><a href=\"https:\/\/www.buharkazan.com\/\">K\u0131zg\u0131n Su Kazanlar\u0131<\/a><\/li>\n<li><a href=\"https:\/\/www.buharkazan.com\/\">At\u0131k Su Geri Kazan\u0131m Sistemleri<\/a><\/li>\n<li><a href=\"https:\/\/www.buharkazan.com\/\">S\u0131cak Su \u00dcreticileri<\/a><\/li>\n<li><a href=\"https:\/\/www.buharkazan.com\/\">Degaz\u00f6r Sistemleri<\/a><\/li>\n<li><a href=\"https:\/\/www.buharkazan.com\/\">Finli Boru<\/a><\/li>\n<\/ul>\n<ul>\n<li><a href=\"https:\/\/www.buharkazan.com\/\">Kat\u0131 Yak\u0131tl\u0131 Buhar Santralleri<\/a><\/li>\n<li><a href=\"https:\/\/www.buharkazan.com\/\">K\u0131zg\u0131n Ya\u011f Santralleri<\/a><\/li>\n<li>\u00a0<a href=\"https:\/\/www.buharkazan.com\/\">Plakal\u0131 Is\u0131 De\u011fi\u015ftiriciler<\/a><\/li>\n<li><a href=\"https:\/\/www.buharkazan.com\/\">Is\u0131 Geri Kazan\u0131m<\/a><\/li>\n<li><a href=\"https:\/\/www.buharkazan.com\/\">End\u00fcstriyel Buhar kazan\u0131<\/a><\/li>\n<li><a href=\"https:\/\/www.buharkazan.com\/\">End\u00fcstriyel Buhar Kazanlar\u0131<\/a><\/li>\n<li><a href=\"https:\/\/www.buharkazan.com\/\">End\u00fcstriyel Kazanlar<\/a><\/li>\n<li><a href=\"https:\/\/www.buharkazan.com\/\">Vakum Borulu Is\u0131 De\u011fi\u015ftirici<\/a><\/li>\n<\/ul>\n<ul>\n<li><a href=\"https:\/\/www.buharkazan.com\/\">Kat\u0131 Yak\u0131tl\u0131 Buhar Santralleri<\/a><\/li>\n<li>\u00a0<a href=\"https:\/\/www.buharkazan.com\/\">Degaz\u00f6r<\/a><\/li>\n<li><a href=\"https:\/\/www.buharkazan.com\/\">Degaz\u00f6rler<\/a><\/li>\n<li><a href=\"https:\/\/www.buharkazan.com\/\">Su \u015eartland\u0131rma<\/a><\/li>\n<li><a href=\"https:\/\/www.buharkazan.com\/\">Kondens Tank\u0131<\/a><\/li>\n<li><a href=\"https:\/\/www.buharkazan.com\/\">Ekonomizer<\/a><\/li>\n<li><a href=\"https:\/\/www.buharkazan.com\/\">Rek\u00fcperat\u00f6r<\/a><\/li>\n<li><a href=\"https:\/\/www.buharkazan.com\/\">Buhar Sistemleri<\/a><\/li>\n<\/ul>\n","protected":false},"excerpt":{"rendered":"<p>Kurumsal | Buhar Kazan www.buharkazan.com, end\u00fcstriyel \u0131s\u0131tma ve enerji sistemleri alan\u0131nda uzun y\u0131llard\u0131r faaliyet g\u00f6steren, g\u00fcvenilirli\u011fi ve m\u00fchendislik tecr\u00fcbesiyle \u00f6ne \u00e7\u0131kan bir firmad\u0131r. Sekt\u00f6rdeki deneyimimizi&hellip;<\/p>\n","protected":false},"author":2,"featured_media":0,"parent":0,"menu_order":0,"comment_status":"closed","ping_status":"open","template":"","meta":{"footnotes":""},"class_list":["post-26","page","type-page","status-publish","hentry"],"_links":{"self":[{"href":"https:\/\/www.buharkazan.com\/index.php?rest_route=\/wp\/v2\/pages\/26","targetHints":{"allow":["GET"]}}],"collection":[{"href":"https:\/\/www.buharkazan.com\/index.php?rest_route=\/wp\/v2\/pages"}],"about":[{"href":"https:\/\/www.buharkazan.com\/index.php?rest_route=\/wp\/v2\/types\/page"}],"author":[{"embeddable":true,"href":"https:\/\/www.buharkazan.com\/index.php?rest_route=\/wp\/v2\/users\/2"}],"replies":[{"embeddable":true,"href":"https:\/\/www.buharkazan.com\/index.php?rest_route=%2Fwp%2Fv2%2Fcomments&post=26"}],"version-history":[{"count":3,"href":"https:\/\/www.buharkazan.com\/index.php?rest_route=\/wp\/v2\/pages\/26\/revisions"}],"predecessor-version":[{"id":2120,"href":"https:\/\/www.buharkazan.com\/index.php?rest_route=\/wp\/v2\/pages\/26\/revisions\/2120"}],"wp:attachment":[{"href":"https:\/\/www.buharkazan.com\/index.php?rest_route=%2Fwp%2Fv2%2Fmedia&parent=26"}],"curies":[{"name":"wp","href":"https:\/\/api.w.org\/{rel}","templated":true}]}}