{"id":2405,"date":"2025-10-07T12:41:18","date_gmt":"2025-10-07T12:41:18","guid":{"rendered":"https:\/\/www.buharkazan.com\/?page_id=2405"},"modified":"2025-10-07T12:42:23","modified_gmt":"2025-10-07T12:42:23","slug":"gida-sektoru-referanslar","status":"publish","type":"page","link":"https:\/\/www.buharkazan.com\/?page_id=2405","title":{"rendered":"G\u0131da Sekt\u00f6r\u00fc &#8211;  Referanslar"},"content":{"rendered":"<h3>G\u0131da Sekt\u00f6r\u00fc | Referanslar <\/h3>\n<p>\t\t\t\t\t\t\t\t\t\t\t\t\t\t\t\t\t<img loading=\"lazy\" decoding=\"async\" width=\"150\" height=\"150\" src=\"https:\/\/www.buharkazan.com\/wp-content\/uploads\/2025\/10\/1-2.jpg\" alt=\"\" \/>\t\t\t\t\t\t\t\t\t\t\t\t\t\t\t\t\t\t\t\t\t\t\t\t\t\t<img loading=\"lazy\" decoding=\"async\" width=\"150\" height=\"150\" src=\"https:\/\/www.buharkazan.com\/wp-content\/uploads\/2025\/10\/2-2.jpg\" alt=\"\" \/>\t\t\t\t\t\t\t\t\t\t\t\t\t\t\t\t\t\t\t\t\t\t\t\t\t\t<img loading=\"lazy\" decoding=\"async\" width=\"150\" height=\"150\" src=\"https:\/\/www.buharkazan.com\/wp-content\/uploads\/2025\/10\/3-4.jpg\" alt=\"\" \/>\t\t\t\t\t\t\t\t\t\t\t\t\t\t\t\t\t\t\t\t\t\t\t\t\t\t<img loading=\"lazy\" decoding=\"async\" width=\"150\" height=\"150\" src=\"https:\/\/www.buharkazan.com\/wp-content\/uploads\/2025\/10\/4-2.jpg\" alt=\"\" \/><br \/>\n\t\t\t\t\t\t\t\t\t\t\t\t\t\t\t\t\t<img loading=\"lazy\" decoding=\"async\" width=\"150\" height=\"150\" src=\"https:\/\/www.buharkazan.com\/wp-content\/uploads\/2025\/10\/5-2.jpg\" alt=\"\" \/>\t\t\t\t\t\t\t\t\t\t\t\t\t\t\t\t\t\t\t\t\t\t\t\t\t\t<img loading=\"lazy\" decoding=\"async\" width=\"150\" height=\"150\" src=\"https:\/\/www.buharkazan.com\/wp-content\/uploads\/2025\/10\/6-2.jpg\" alt=\"\" \/>\t\t\t\t\t\t\t\t\t\t\t\t\t\t\t\t\t\t\t\t\t\t\t\t\t\t<img loading=\"lazy\" decoding=\"async\" width=\"150\" height=\"150\" src=\"https:\/\/www.buharkazan.com\/wp-content\/uploads\/2025\/10\/7-2.jpg\" alt=\"\" \/>\t\t\t\t\t\t\t\t\t\t\t\t\t\t\t\t\t\t\t\t\t\t\t\t\t\t<img loading=\"lazy\" decoding=\"async\" width=\"150\" height=\"150\" src=\"https:\/\/www.buharkazan.com\/wp-content\/uploads\/2025\/10\/8-2.jpg\" alt=\"\" \/><br \/>\n\t\t\t\t\t\t\t\t\t\t\t\t\t\t\t\t\t<img loading=\"lazy\" decoding=\"async\" width=\"150\" height=\"150\" src=\"https:\/\/www.buharkazan.com\/wp-content\/uploads\/2025\/10\/9-2.jpg\" alt=\"\" \/>\t\t\t\t\t\t\t\t\t\t\t\t\t\t\t\t\t\t\t\t\t\t\t\t\t\t<img loading=\"lazy\" decoding=\"async\" width=\"150\" height=\"150\" src=\"https:\/\/www.buharkazan.com\/wp-content\/uploads\/2025\/10\/10-2.jpg\" alt=\"\" \/>\t\t\t\t\t\t\t\t\t\t\t\t\t\t\t\t\t\t\t\t\t\t\t\t\t\t<img loading=\"lazy\" decoding=\"async\" width=\"150\" height=\"150\" src=\"https:\/\/www.buharkazan.com\/wp-content\/uploads\/2025\/10\/11-2.jpg\" alt=\"\" \/>\t\t\t\t\t\t\t\t\t\t\t\t\t\t\t\t\t\t\t\t\t\t\t\t\t\t<img loading=\"lazy\" decoding=\"async\" width=\"150\" height=\"150\" src=\"https:\/\/www.buharkazan.com\/wp-content\/uploads\/2025\/10\/13-3.jpg\" alt=\"\" \/><br \/>\n\t\t\t\t\t\t\t\t\t\t\t\t\t\t\t\t\t<img loading=\"lazy\" decoding=\"async\" width=\"150\" height=\"150\" src=\"https:\/\/www.buharkazan.com\/wp-content\/uploads\/2025\/10\/14-2.jpg\" alt=\"\" \/>\t\t\t\t\t\t\t\t\t\t\t\t\t\t\t\t\t\t\t\t\t\t\t\t\t\t<img loading=\"lazy\" decoding=\"async\" width=\"150\" height=\"150\" src=\"https:\/\/www.buharkazan.com\/wp-content\/uploads\/2025\/10\/16-2.jpg\" alt=\"\" \/>\t\t\t\t\t\t\t\t\t\t\t\t\t\t\t\t\t\t\t\t\t\t\t\t\t\t<img loading=\"lazy\" decoding=\"async\" width=\"150\" height=\"150\" src=\"https:\/\/www.buharkazan.com\/wp-content\/uploads\/2025\/10\/17-2.jpg\" alt=\"\" \/>\t\t\t\t\t\t\t\t\t\t\t\t\t\t\t\t\t\t\t\t\t\t\t\t\t\t<img loading=\"lazy\" decoding=\"async\" width=\"150\" height=\"150\" src=\"https:\/\/www.buharkazan.com\/wp-content\/uploads\/2025\/10\/18-1.jpg\" alt=\"\" \/>\t\t\t\t\t\t\t\t\t\t\t\t\t\t\t\t\t\t<\/p>\n<ul>\n<li><a href=\"https:\/\/www.buharkazan.com\/\">Buhar<\/a><\/li>\n<li><a href=\"https:\/\/www.buharkazan.com\/\">Buhar Kazan\u0131<\/a><\/li>\n<li><a href=\"https:\/\/www.buharkazan.com\/\">Kazan<\/a><\/li>\n<li><a href=\"https:\/\/www.buharkazan.com\/\">Kazan\u0131<\/a><\/li>\n<li><a href=\"https:\/\/www.buharkazan.com\/\">Buhar Kazanlar\u0131<\/a><\/li>\n<li><a href=\"https:\/\/www.buharkazan.com\/\">Kazanlar\u0131<\/a><\/li>\n<li><a href=\"https:\/\/www.buharkazan.com\/\">Buhar<\/a><\/li>\n<li><a href=\"https:\/\/www.buharkazan.com\/\">Besi Su Depolama<\/a><\/li>\n<\/ul>\n<ul>\n<li><a href=\"https:\/\/www.buharkazan.com\/\">Buhar Jenerat\u00f6rleri<\/a><\/li>\n<li><a href=\"https:\/\/www.buharkazan.com\/\">K\u0131zg\u0131n Ya\u011f Kazanlar\u0131<\/a><\/li>\n<li><a href=\"https:\/\/www.buharkazan.com\/\">S\u0131cak Su Kazanlar\u0131<\/a><\/li>\n<li><a href=\"https:\/\/www.buharkazan.com\/\">K\u0131zg\u0131n Su Kazanlar\u0131<\/a><\/li>\n<li><a href=\"https:\/\/www.buharkazan.com\/\">At\u0131k Su Geri Kazan\u0131m Sistemleri<\/a><\/li>\n<li><a href=\"https:\/\/www.buharkazan.com\/\">S\u0131cak Su \u00dcreticileri<\/a><\/li>\n<li><a href=\"https:\/\/www.buharkazan.com\/\">Degaz\u00f6r Sistemleri<\/a><\/li>\n<li><a href=\"https:\/\/www.buharkazan.com\/\">Finli Boru<\/a><\/li>\n<\/ul>\n<ul>\n<li><a href=\"https:\/\/www.buharkazan.com\/\">Kat\u0131 Yak\u0131tl\u0131 Buhar Santralleri<\/a><\/li>\n<li><a href=\"https:\/\/www.buharkazan.com\/\">K\u0131zg\u0131n Ya\u011f Santralleri<\/a><\/li>\n<li>\u00a0<a href=\"https:\/\/www.buharkazan.com\/\">Plakal\u0131 Is\u0131 De\u011fi\u015ftiriciler<\/a><\/li>\n<li><a href=\"https:\/\/www.buharkazan.com\/\">Is\u0131 Geri Kazan\u0131m<\/a><\/li>\n<li><a href=\"https:\/\/www.buharkazan.com\/\">End\u00fcstriyel Buhar kazan\u0131<\/a><\/li>\n<li><a href=\"https:\/\/www.buharkazan.com\/\">End\u00fcstriyel Buhar Kazanlar\u0131<\/a><\/li>\n<li><a href=\"https:\/\/www.buharkazan.com\/\">End\u00fcstriyel Kazanlar<\/a><\/li>\n<li><a href=\"https:\/\/www.buharkazan.com\/\">Vakum Borulu Is\u0131 De\u011fi\u015ftirici<\/a><\/li>\n<\/ul>\n<ul>\n<li><a href=\"https:\/\/www.buharkazan.com\/\">Kat\u0131 Yak\u0131tl\u0131 Buhar Santralleri<\/a><\/li>\n<li>\u00a0<a href=\"https:\/\/www.buharkazan.com\/\">Degaz\u00f6r<\/a><\/li>\n<li><a href=\"https:\/\/www.buharkazan.com\/\">Degaz\u00f6rler<\/a><\/li>\n<li><a href=\"https:\/\/www.buharkazan.com\/\">Su \u015eartland\u0131rma<\/a><\/li>\n<li><a href=\"https:\/\/www.buharkazan.com\/\">Kondens Tank\u0131<\/a><\/li>\n<li><a href=\"https:\/\/www.buharkazan.com\/\">Ekonomizer<\/a><\/li>\n<li><a href=\"https:\/\/www.buharkazan.com\/\">Rek\u00fcperat\u00f6r<\/a><\/li>\n<li><a href=\"https:\/\/www.buharkazan.com\/\">Buhar Sistemleri<\/a><\/li>\n<\/ul>\n","protected":false},"excerpt":{"rendered":"<p>G\u0131da Sekt\u00f6r\u00fc | Referanslar Buhar Buhar Kazan\u0131 Kazan Kazan\u0131 Buhar Kazanlar\u0131 Kazanlar\u0131 Buhar Besi Su Depolama Buhar Jenerat\u00f6rleri K\u0131zg\u0131n Ya\u011f Kazanlar\u0131 S\u0131cak Su Kazanlar\u0131 K\u0131zg\u0131n&hellip;<\/p>\n","protected":false},"author":2,"featured_media":0,"parent":0,"menu_order":0,"comment_status":"closed","ping_status":"closed","template":"","meta":{"footnotes":""},"class_list":["post-2405","page","type-page","status-publish","hentry"],"_links":{"self":[{"href":"https:\/\/www.buharkazan.com\/index.php?rest_route=\/wp\/v2\/pages\/2405","targetHints":{"allow":["GET"]}}],"collection":[{"href":"https:\/\/www.buharkazan.com\/index.php?rest_route=\/wp\/v2\/pages"}],"about":[{"href":"https:\/\/www.buharkazan.com\/index.php?rest_route=\/wp\/v2\/types\/page"}],"author":[{"embeddable":true,"href":"https:\/\/www.buharkazan.com\/index.php?rest_route=\/wp\/v2\/users\/2"}],"replies":[{"embeddable":true,"href":"https:\/\/www.buharkazan.com\/index.php?rest_route=%2Fwp%2Fv2%2Fcomments&post=2405"}],"version-history":[{"count":3,"href":"https:\/\/www.buharkazan.com\/index.php?rest_route=\/wp\/v2\/pages\/2405\/revisions"}],"predecessor-version":[{"id":2410,"href":"https:\/\/www.buharkazan.com\/index.php?rest_route=\/wp\/v2\/pages\/2405\/revisions\/2410"}],"wp:attachment":[{"href":"https:\/\/www.buharkazan.com\/index.php?rest_route=%2Fwp%2Fv2%2Fmedia&parent=2405"}],"curies":[{"name":"wp","href":"https:\/\/api.w.org\/{rel}","templated":true}]}}